{"id":24768,"date":"2025-03-26T10:30:44","date_gmt":"2025-03-26T09:30:44","guid":{"rendered":"https:\/\/octopus-studio.eu\/design-creation\/"},"modified":"2026-03-24T15:02:08","modified_gmt":"2026-03-24T14:02:08","slug":"design-creation","status":"publish","type":"page","link":"https:\/\/octopus-studio.eu\/en\/design-creation\/","title":{"rendered":"Design creation"},"content":{"rendered":"\n<div class=\"wp-block-group\"><div class=\"wp-block-group__inner-container is-layout-constrained wp-block-group-is-layout-constrained\"><div class=\"yoast-breadcrumbs\"><span><span><a href=\"https:\/\/octopus-studio.eu\/en\/home\/\">Homepage<\/a><\/span> >> <span class=\"breadcrumb_last\" aria-current=\"page\">Design creation<\/span><\/span><\/div>\n\n\n<h1 class=\"wp-block-heading has-text-align-center color-brown text-uppercase h2 my-3 my-md-5\" data-aos=\"fade-up\"><strong>DESIGN CREATION<\/strong><\/h1>\n\n\n\n<div class=\"wp-block-columns col-12 col-md-8 mx-auto mb-0 is-layout-flex wp-container-core-columns-is-layout-9d6595d7 wp-block-columns-is-layout-flex\">\n<div class=\"wp-block-column is-layout-flow wp-block-column-is-layout-flow\">\n<figure class=\"wp-block-image size-full mb-3 mb-md-5\"><img decoding=\"async\" src=\"https:\/\/octopus-studio.eu\/wp-content\/uploads\/2025\/01\/Breakline-MIDDLE-1-1.svg\" alt=\"\" class=\"wp-image-267\"\/><\/figure>\n\n\n\n<p class=\"strong-color-beige\">If you do not have a finished design for your tattoo, our tattoo artists can draw it for you. The creation of the design is <strong>free<\/strong>, but you <strong>cannot take it out of the studio<\/strong> in any form other than tattooed on the skin. This rule was introduced to avoid situations where the tattoo artist spends time creating the design and the client uses the drawing to get tattooed at another studio.  <\/p>\n\n\n\n<p class=\"strong-color-beige\">To make it easier for the tattoo artist to create the design, try to collect several <strong>reference images<\/strong>. For example, if you want to tattoo an octopus, find one image where you like the body position, another where you like the octopus itself, a third from which we can take the background, etc. The better you explain what kind of design you want, the faster and easier the creation will be, and you will be more satisfied with the final result. If you are not 100% sure what you want, please think it through carefully before scheduling a consultation appointment with the tattoo artist, because when we don\u2019t know what we want, no design will suit us.    <\/p>\n\n\n\n<p class=\"strong-color-beige\">One of the important facts you must be aware of before getting tattooed is that skin is not paper; skin is a living organ that ages and changes, and therefore the <strong>tattoo changes over time<\/strong> as well. Very thin lines and soft shading can disappear over the years because skin cells constantly regenerate, and if the ink is not deep enough under the surface of the skin, it can simply vanish. Colors that are very intense at the beginning become more muted over time, and colors similar to the skin tone can completely fade.  <\/p>\n\n\n\n<p class=\"strong-color-brown\">Every tattooed line will slightly expand and lose sharpness over the years. For this reason, certain basic rules of profession must be followed in tattooing. One of these rules is the <em><strong><a href=\"https:\/\/octopus-studio.eu\/en\/f-a-q\/\" target=\"_blank\" rel=\"noreferrer noopener\"><\/a><a href=\"https:\/\/octopus-studio.eu\/en\/f-a-q\/\" target=\"_blank\" rel=\"noreferrer noopener\">minimum feasibility<\/a><\/strong><\/em>. This means that not every design can be tattooed in the same size it can be drawn on paper. If the design is tattooed too small from the start, in ten years it will no longer be possible to recognize what it was supposed to be.   <strong> Two lines need to be at least 2\u20133 mm apart for the tattoo to look good in the long term.<\/strong><\/p>\n\n\n\n<p>Every professional tattoo artist will warn you if the design you want is too small. This is not to get more money out of you, but to ensure the tattoo looks beautiful and high-quality in the long run, as it represents the artist\u2019s work.  Almost any design can be tattooed in a smaller size than recommended, and you will definitely always find someone who will do it for you. Keep in mind that once the tattoo becomes a hard-to-recognize smudge, it usually cannot be fixed anymore; it can only be covered with a new (significantly larger) tattoo or removed with a laser.<\/p>\n\n\n\n<hr class=\"wp-block-separator has-alpha-channel-opacity my-4 my-md-5\"\/>\n\n\n\n<h2 class=\"wp-block-heading has-text-align-center color-brown has-medium-font-size\"><strong>INSCRIPTIONS<\/strong><\/h2>\n\n\n\n<hr class=\"wp-block-separator has-alpha-channel-opacity my-4 my-md-5\"\/>\n\n\n\n<p class=\"has-text-align-center strong-color-beige\"><strong><em>heavily decorated letters = larger tattoo<\/em><\/strong><\/p>\n\n\n\n<p>When tattooing lettering in a foreign language, the client bears full responsibility for the accuracy of the desired text. Tattoo artists cannot know all languages\/scripts of the world, therefore it is up to the client to verify the correctness of the design. <\/p>\n\n\n\n<p class=\"strong-color-brown\">If you want to tattoo any kind of <strong>lettering <\/strong>(name, quote, date, etc.) you first need to decide what type of letters (<strong>font<\/strong>) you want. There are many fonts available and you can find them on any font generator on the internet, e.g. <em><strong><a href=\"https:\/\/www.dafont.com\/\" target=\"_blank\" rel=\"noreferrer noopener\">DaFont<\/a><\/strong><\/em>, 1<em><strong><a href=\"https:\/\/www.1001fonts.com\/\" target=\"_blank\" rel=\"noreferrer noopener\">001Fonts<\/a><\/strong><\/em> and others. Keep in mind that letters with too many details may require a larger tattoo in order to preserve execution quality.  <\/p>\n\n\n\n<p class=\"strong-color-brown\">As an example, we will take the website DaFont: <em><strong><a href=\"http:\/\/www.dafont.com\/\" target=\"_blank\" rel=\"noreferrer noopener\">DaFont<\/a><\/strong><\/em>:<\/p>\n\n\n\n<details class=\"wp-block-details is-layout-flow wp-block-details-is-layout-flow\"><summary>CALLIGRAPHY<\/summary>\n<p><\/p>\n\n\n\n<p>If you are looking for calligraphy or something of that type, choose the category \u2018<em><strong><a href=\"https:\/\/www.dafont.com\/mtheme.php?id=6\" target=\"_blank\" rel=\"noreferrer noopener\">Script<\/a><\/strong><\/em>\u2019, or the subcategories \u2018<em><strong><a href=\"https:\/\/www.dafont.com\/theme.php?cat=601\" target=\"_blank\" rel=\"noreferrer noopener\">Calligraphy<\/a><\/strong><\/em>\u2019 and \u2018<em><strong><a href=\"https:\/\/www.dafont.com\/theme.php?cat=603\" target=\"_blank\" rel=\"noreferrer noopener\">Handwritten<\/a><\/strong><\/em>\u2019.<\/p>\n<\/details>\n\n\n\n<details class=\"wp-block-details is-layout-flow wp-block-details-is-layout-flow\"><summary>SIMPLE FONT<\/summary>\n<p><\/p>\n\n\n\n<p>If you are looking for a simple font, without many flourishes or decorations, check the category \u2018<strong><em><a href=\"https:\/\/www.dafont.com\/mtheme.php?id=5\" target=\"_blank\" rel=\"noreferrer noopener\">Basic<\/a><\/em><\/strong>\u2019 or \u2018<em><strong><a href=\"https:\/\/www.dafont.com\/theme.php?cat=602\" target=\"_blank\" rel=\"noreferrer noopener\">Script \u2013 school<\/a><\/strong><\/em>\u2019.<\/p>\n<\/details>\n\n\n\n<details class=\"wp-block-details is-layout-flow wp-block-details-is-layout-flow\"><summary>LARGER LETTERING<\/summary>\n<p><\/p>\n\n\n\n<p>For bolder lettering and a medieval look of the font, check the category \u2018<em><strong><a href=\"https:\/\/www.dafont.com\/mtheme.php?id=4\" target=\"_blank\" rel=\"noreferrer noopener\">Gothic<\/a><\/strong><\/em>\u2019.<\/p>\n<\/details>\n\n\n\n<details class=\"wp-block-details is-layout-flow wp-block-details-is-layout-flow\"><summary>INITIALS<\/summary>\n<p><\/p>\n\n\n\n<p>For initials (the first letter of the name and\/or surname), you can look in the categories \u2018<em><strong><a href=\"https:\/\/www.dafont.com\/mtheme.php?id=1\" target=\"_blank\" rel=\"noreferrer noopener\">Fancy<\/a><\/strong><\/em>\u2019 (subcategories \u2018<em><strong><a href=\"https:\/\/www.dafont.com\/theme.php?cat=105\" target=\"_blank\" rel=\"noreferrer noopener\">Curly<\/a><\/strong><\/em>\u2019, \u2018<em><strong><a href=\"https:\/\/www.dafont.com\/theme.php?cat=116\" target=\"_blank\" rel=\"noreferrer noopener\">Initials<\/a><\/strong><\/em>\u2019), \u2018<em><strong><a href=\"https:\/\/www.dafont.com\/mtheme.php?id=4\" target=\"_blank\" rel=\"noreferrer noopener\">Gothic<\/a><\/strong><\/em>\u2019 (subcategories\u2018<em><strong><a href=\"https:\/\/www.dafont.com\/theme.php?cat=401\" target=\"_blank\" rel=\"noreferrer noopener\">Medieval<\/a><\/strong><\/em>\u2019, \u2018<em><strong><a href=\"https:\/\/www.dafont.com\/theme.php?cat=404\" target=\"_blank\" rel=\"noreferrer noopener\">Initials<\/a><\/strong><\/em>\u2019), \u2018<em><strong><a href=\"https:\/\/www.dafont.com\/mtheme.php?id=6\" target=\"_blank\" rel=\"noreferrer noopener\">Script<\/a><\/strong><\/em>\u2019 (subcategories \u2018<em><strong><a href=\"https:\/\/www.dafont.com\/theme.php?cat=601\" target=\"_blank\" rel=\"noreferrer noopener\">Calligraphy<\/a><\/strong><\/em>\u2019, \u2018<em><strong><a href=\"https:\/\/www.dafont.com\/theme.php?cat=603\" target=\"_blank\" rel=\"noreferrer noopener\">Handwritten<\/a><\/strong><\/em>\u2019).<\/p>\n<\/details>\n\n\n\n<details class=\"wp-block-details is-layout-flow wp-block-details-is-layout-flow\"><summary>UNUSUAL FONTS<\/summary>\n<p><\/p>\n\n\n\n<p>For more unusual fonts, check e.g. \u2018<em><strong><a href=\"https:\/\/www.dafont.com\/mtheme.php?id=2\" target=\"_blank\" rel=\"noreferrer noopener\">Foreign look<\/a><\/strong><\/em>\u2019 (\u2018<em><strong><a href=\"https:\/\/www.dafont.com\/theme.php?cat=202\" target=\"_blank\" rel=\"noreferrer noopener\">Arabic<\/a><\/strong><\/em>\u2019, \u2018<em><strong><a href=\"https:\/\/www.dafont.com\/theme.php?cat=206\" target=\"_blank\" rel=\"noreferrer noopener\">Various<\/a><\/strong><\/em>\u2019), \u2018<em><strong><a href=\"https:\/\/www.dafont.com\/mtheme.php?id=7\" target=\"_blank\" rel=\"noreferrer noopener\">Dingbats<\/a><\/strong><\/em>\u2019 (\u2018R<em><strong><a href=\"https:\/\/www.dafont.com\/theme.php?cat=705\" target=\"_blank\" rel=\"noreferrer noopener\">unes, Elvish<\/a><\/strong><\/em>\u2019) \u2013 keep in mind that, for example, the \u2018Arabic\u2019 category does not contain actual Arabic script nor will it translate text from Croatian to Arabic; it is only a style of writing that looks like Arabic script. <\/p>\n<\/details>\n\n\n\n<hr class=\"wp-block-separator has-alpha-channel-opacity my-4 my-md-5\"\/>\n\n\n\n<h2 class=\"wp-block-heading has-text-align-center color-brown has-medium-font-size\"><strong>DESIGN PLACEMENT<\/strong><\/h2>\n\n\n\n<hr class=\"wp-block-separator has-alpha-channel-opacity my-4 my-md-5\"\/>\n\n\n\n<p class=\"strong-color-beige\">A tattoo should be positioned in a way that complements the natural lines of the body, and there are certain <strong>rules of profession<\/strong> regarding this as well. For example, if you tattoo a large square design in the middle of the chest, it will not look very good. If you place a small cross on the wrist so that it is upright when you look at it with your palm facing your face, keep in mind that you will have an upside-down cross most of the time, when your arm is down.  <\/p>\n\n\n\n<p class=\"strong-color-beige\">The tattoo artist can give you advice regarding the placement, size, and overall look of the design, but the final decision is yours, and <strong>you bear full responsibility for the final check of the desired design<\/strong>. Please carefully review the design on paper and the stencil that is applied to your skin before tattooing. <\/p>\n\n\n\n<p class=\"has-text-align-center strong-color-beige\"><strong>Subsequent complaints cannot be accepted.<\/strong><\/p>\n<\/div>\n<\/div>\n<\/div><\/div>\n","protected":false},"excerpt":{"rendered":"<p>DESIGN CREATION If you do not have a finished design for your tattoo, our tattoo artists can draw it for you. The creation of the design is free, but you cannot take it out of the studio in any form other than tattooed on the skin. This rule was introduced to avoid situations where the<\/p>\n","protected":false},"author":1,"featured_media":2731,"parent":0,"menu_order":0,"comment_status":"closed","ping_status":"closed","template":"page-templates\/fullwidthpage.php","meta":{"_acf_changed":false,"footnotes":""},"class_list":["post-24768","page","type-page","status-publish","has-post-thumbnail","hentry"],"acf":[],"yoast_head":"<!-- This site is optimized with the Yoast SEO plugin v27.0 - https:\/\/yoast.com\/product\/yoast-seo-wordpress\/ -->\n<title>Design creation &#8211; Octopus Studio<\/title>\n<meta name=\"description\" content=\"Pro\u010ditajte va\u017ene informacije vezane uz samu izradu dizajna za tetoviranje - \u0161to je minimum izvedivosti i kako na\u0107i idealan font za tetoviranje natpisa.\" \/>\n<meta name=\"robots\" content=\"index, follow, max-snippet:-1, max-image-preview:large, max-video-preview:-1\" \/>\n<link rel=\"canonical\" href=\"https:\/\/octopus-studio.eu\/en\/design-creation\/\" \/>\n<meta property=\"og:locale\" content=\"en_US\" \/>\n<meta property=\"og:type\" content=\"article\" \/>\n<meta property=\"og:title\" content=\"Izrada dizajna - by Octopus\" \/>\n<meta property=\"og:description\" content=\"Pro\u010ditajte va\u017ene informacije vezane uz samu izradu dizajna za tetoviranje - \u0161to je minimum izvedivosti i kako na\u0107i idealan font za tetoviranje natpisa.\" \/>\n<meta property=\"og:url\" content=\"https:\/\/octopus-studio.eu\/en\/design-creation\/\" \/>\n<meta property=\"og:site_name\" content=\"Octopus Studio\" \/>\n<meta property=\"article:publisher\" content=\"https:\/\/www.facebook.com\/OctopusPiercing\/\" \/>\n<meta property=\"article:modified_time\" content=\"2026-03-24T14:02:08+00:00\" \/>\n<meta property=\"og:image\" content=\"https:\/\/octopus-studio.eu\/wp-content\/uploads\/2025\/05\/octopus-logo-web-image-1024x576.jpg\" \/>\n<meta name=\"twitter:card\" content=\"summary_large_image\" \/>\n<meta name=\"twitter:label1\" content=\"Est. reading time\" \/>\n\t<meta name=\"twitter:data1\" content=\"5 minutes\" \/>\n<script type=\"application\/ld+json\" class=\"yoast-schema-graph\">{\"@context\":\"https:\/\/schema.org\",\"@graph\":[{\"@type\":\"WebPage\",\"@id\":\"https:\/\/octopus-studio.eu\/en\/design-creation\/\",\"url\":\"https:\/\/octopus-studio.eu\/en\/design-creation\/\",\"name\":\"Design creation &#8211; Octopus Studio\",\"isPartOf\":{\"@id\":\"https:\/\/octopus-studio.eu\/en\/#website\"},\"primaryImageOfPage\":{\"@id\":\"https:\/\/octopus-studio.eu\/en\/design-creation\/#primaryimage\"},\"image\":{\"@id\":\"https:\/\/octopus-studio.eu\/en\/design-creation\/#primaryimage\"},\"thumbnailUrl\":\"https:\/\/octopus-studio.eu\/wp-content\/uploads\/2025\/01\/rsz_1octopus_logo_full-2048x2048-1.jpg\",\"datePublished\":\"2025-03-26T09:30:44+00:00\",\"dateModified\":\"2026-03-24T14:02:08+00:00\",\"description\":\"Pro\u010ditajte va\u017ene informacije vezane uz samu izradu dizajna za tetoviranje - \u0161to je minimum izvedivosti i kako na\u0107i idealan font za tetoviranje natpisa.\",\"breadcrumb\":{\"@id\":\"https:\/\/octopus-studio.eu\/en\/design-creation\/#breadcrumb\"},\"inLanguage\":\"en-US\",\"potentialAction\":[{\"@type\":\"ReadAction\",\"target\":[\"https:\/\/octopus-studio.eu\/en\/design-creation\/\"]}]},{\"@type\":\"ImageObject\",\"inLanguage\":\"en-US\",\"@id\":\"https:\/\/octopus-studio.eu\/en\/design-creation\/#primaryimage\",\"url\":\"https:\/\/octopus-studio.eu\/wp-content\/uploads\/2025\/01\/rsz_1octopus_logo_full-2048x2048-1.jpg\",\"contentUrl\":\"https:\/\/octopus-studio.eu\/wp-content\/uploads\/2025\/01\/rsz_1octopus_logo_full-2048x2048-1.jpg\",\"width\":500,\"height\":500},{\"@type\":\"BreadcrumbList\",\"@id\":\"https:\/\/octopus-studio.eu\/en\/design-creation\/#breadcrumb\",\"itemListElement\":[{\"@type\":\"ListItem\",\"position\":1,\"name\":\"Homepage\",\"item\":\"https:\/\/octopus-studio.eu\/en\/home\/\"},{\"@type\":\"ListItem\",\"position\":2,\"name\":\"Design creation\"}]},{\"@type\":\"WebSite\",\"@id\":\"https:\/\/octopus-studio.eu\/en\/#website\",\"url\":\"https:\/\/octopus-studio.eu\/en\/\",\"name\":\"Octopus piercing, tattoo & laser\",\"description\":\"Your body is a temple, decorate the walls\",\"publisher\":{\"@id\":\"https:\/\/octopus-studio.eu\/en\/#organization\"},\"alternateName\":\"Octopus studio\",\"potentialAction\":[{\"@type\":\"SearchAction\",\"target\":{\"@type\":\"EntryPoint\",\"urlTemplate\":\"https:\/\/octopus-studio.eu\/en\/?s={search_term_string}\"},\"query-input\":{\"@type\":\"PropertyValueSpecification\",\"valueRequired\":true,\"valueName\":\"search_term_string\"}}],\"inLanguage\":\"en-US\"},{\"@type\":\"Organization\",\"@id\":\"https:\/\/octopus-studio.eu\/en\/#organization\",\"name\":\"Octopus piercing, tattoo & laser studio\",\"alternateName\":\"Octopus studio\",\"url\":\"https:\/\/octopus-studio.eu\/en\/\",\"logo\":{\"@type\":\"ImageObject\",\"inLanguage\":\"en-US\",\"@id\":\"https:\/\/octopus-studio.eu\/en\/#\/schema\/logo\/image\/\",\"url\":\"https:\/\/octopus-studio.eu\/wp-content\/uploads\/2025\/05\/octopus-mini-logo.jpg\",\"contentUrl\":\"https:\/\/octopus-studio.eu\/wp-content\/uploads\/2025\/05\/octopus-mini-logo.jpg\",\"width\":800,\"height\":800,\"caption\":\"Octopus piercing, tattoo & laser studio\"},\"image\":{\"@id\":\"https:\/\/octopus-studio.eu\/en\/#\/schema\/logo\/image\/\"},\"sameAs\":[\"https:\/\/www.facebook.com\/OctopusPiercing\/\",\"https:\/\/www.facebook.com\/tattoostudiooctopus\/\",\"https:\/\/www.instagram.com\/octopuspiercing\",\"https:\/\/www.instagram.com\/octopustattoozgb\"]}]}<\/script>\n<!-- \/ Yoast SEO plugin. -->","yoast_head_json":{"title":"Design creation &#8211; Octopus Studio","description":"Pro\u010ditajte va\u017ene informacije vezane uz samu izradu dizajna za tetoviranje - \u0161to je minimum izvedivosti i kako na\u0107i idealan font za tetoviranje natpisa.","robots":{"index":"index","follow":"follow","max-snippet":"max-snippet:-1","max-image-preview":"max-image-preview:large","max-video-preview":"max-video-preview:-1"},"canonical":"https:\/\/octopus-studio.eu\/en\/design-creation\/","og_locale":"en_US","og_type":"article","og_title":"Izrada dizajna - by Octopus","og_description":"Pro\u010ditajte va\u017ene informacije vezane uz samu izradu dizajna za tetoviranje - \u0161to je minimum izvedivosti i kako na\u0107i idealan font za tetoviranje natpisa.","og_url":"https:\/\/octopus-studio.eu\/en\/design-creation\/","og_site_name":"Octopus Studio","article_publisher":"https:\/\/www.facebook.com\/OctopusPiercing\/","article_modified_time":"2026-03-24T14:02:08+00:00","og_image":[{"url":"https:\/\/octopus-studio.eu\/wp-content\/uploads\/2025\/05\/octopus-logo-web-image-1024x576.jpg","type":"","width":"","height":""}],"twitter_card":"summary_large_image","twitter_misc":{"Est. reading time":"5 minutes"},"schema":{"@context":"https:\/\/schema.org","@graph":[{"@type":"WebPage","@id":"https:\/\/octopus-studio.eu\/en\/design-creation\/","url":"https:\/\/octopus-studio.eu\/en\/design-creation\/","name":"Design creation &#8211; Octopus Studio","isPartOf":{"@id":"https:\/\/octopus-studio.eu\/en\/#website"},"primaryImageOfPage":{"@id":"https:\/\/octopus-studio.eu\/en\/design-creation\/#primaryimage"},"image":{"@id":"https:\/\/octopus-studio.eu\/en\/design-creation\/#primaryimage"},"thumbnailUrl":"https:\/\/octopus-studio.eu\/wp-content\/uploads\/2025\/01\/rsz_1octopus_logo_full-2048x2048-1.jpg","datePublished":"2025-03-26T09:30:44+00:00","dateModified":"2026-03-24T14:02:08+00:00","description":"Pro\u010ditajte va\u017ene informacije vezane uz samu izradu dizajna za tetoviranje - \u0161to je minimum izvedivosti i kako na\u0107i idealan font za tetoviranje natpisa.","breadcrumb":{"@id":"https:\/\/octopus-studio.eu\/en\/design-creation\/#breadcrumb"},"inLanguage":"en-US","potentialAction":[{"@type":"ReadAction","target":["https:\/\/octopus-studio.eu\/en\/design-creation\/"]}]},{"@type":"ImageObject","inLanguage":"en-US","@id":"https:\/\/octopus-studio.eu\/en\/design-creation\/#primaryimage","url":"https:\/\/octopus-studio.eu\/wp-content\/uploads\/2025\/01\/rsz_1octopus_logo_full-2048x2048-1.jpg","contentUrl":"https:\/\/octopus-studio.eu\/wp-content\/uploads\/2025\/01\/rsz_1octopus_logo_full-2048x2048-1.jpg","width":500,"height":500},{"@type":"BreadcrumbList","@id":"https:\/\/octopus-studio.eu\/en\/design-creation\/#breadcrumb","itemListElement":[{"@type":"ListItem","position":1,"name":"Homepage","item":"https:\/\/octopus-studio.eu\/en\/home\/"},{"@type":"ListItem","position":2,"name":"Design creation"}]},{"@type":"WebSite","@id":"https:\/\/octopus-studio.eu\/en\/#website","url":"https:\/\/octopus-studio.eu\/en\/","name":"Octopus piercing, tattoo & laser","description":"Your body is a temple, decorate the walls","publisher":{"@id":"https:\/\/octopus-studio.eu\/en\/#organization"},"alternateName":"Octopus studio","potentialAction":[{"@type":"SearchAction","target":{"@type":"EntryPoint","urlTemplate":"https:\/\/octopus-studio.eu\/en\/?s={search_term_string}"},"query-input":{"@type":"PropertyValueSpecification","valueRequired":true,"valueName":"search_term_string"}}],"inLanguage":"en-US"},{"@type":"Organization","@id":"https:\/\/octopus-studio.eu\/en\/#organization","name":"Octopus piercing, tattoo & laser studio","alternateName":"Octopus studio","url":"https:\/\/octopus-studio.eu\/en\/","logo":{"@type":"ImageObject","inLanguage":"en-US","@id":"https:\/\/octopus-studio.eu\/en\/#\/schema\/logo\/image\/","url":"https:\/\/octopus-studio.eu\/wp-content\/uploads\/2025\/05\/octopus-mini-logo.jpg","contentUrl":"https:\/\/octopus-studio.eu\/wp-content\/uploads\/2025\/05\/octopus-mini-logo.jpg","width":800,"height":800,"caption":"Octopus piercing, tattoo & laser studio"},"image":{"@id":"https:\/\/octopus-studio.eu\/en\/#\/schema\/logo\/image\/"},"sameAs":["https:\/\/www.facebook.com\/OctopusPiercing\/","https:\/\/www.facebook.com\/tattoostudiooctopus\/","https:\/\/www.instagram.com\/octopuspiercing","https:\/\/www.instagram.com\/octopustattoozgb"]}]}},"_links":{"self":[{"href":"https:\/\/octopus-studio.eu\/en\/wp-json\/wp\/v2\/pages\/24768","targetHints":{"allow":["GET"]}}],"collection":[{"href":"https:\/\/octopus-studio.eu\/en\/wp-json\/wp\/v2\/pages"}],"about":[{"href":"https:\/\/octopus-studio.eu\/en\/wp-json\/wp\/v2\/types\/page"}],"author":[{"embeddable":true,"href":"https:\/\/octopus-studio.eu\/en\/wp-json\/wp\/v2\/users\/1"}],"replies":[{"embeddable":true,"href":"https:\/\/octopus-studio.eu\/en\/wp-json\/wp\/v2\/comments?post=24768"}],"version-history":[{"count":4,"href":"https:\/\/octopus-studio.eu\/en\/wp-json\/wp\/v2\/pages\/24768\/revisions"}],"predecessor-version":[{"id":33334,"href":"https:\/\/octopus-studio.eu\/en\/wp-json\/wp\/v2\/pages\/24768\/revisions\/33334"}],"wp:featuredmedia":[{"embeddable":true,"href":"https:\/\/octopus-studio.eu\/en\/wp-json\/wp\/v2\/media\/2731"}],"wp:attachment":[{"href":"https:\/\/octopus-studio.eu\/en\/wp-json\/wp\/v2\/media?parent=24768"}],"curies":[{"name":"wp","href":"https:\/\/api.w.org\/{rel}","templated":true}]}}