{"id":24898,"date":"2025-03-26T10:09:45","date_gmt":"2025-03-26T09:09:45","guid":{"rendered":"https:\/\/octopus-studio.eu\/tattoo-companion\/"},"modified":"2026-03-25T16:04:07","modified_gmt":"2026-03-25T15:04:07","slug":"tattoo-companion","status":"publish","type":"page","link":"https:\/\/octopus-studio.eu\/en\/tattoo-companion\/","title":{"rendered":"Tattoo companion"},"content":{"rendered":"\n<div class=\"wp-block-group\"><div class=\"wp-block-group__inner-container is-layout-constrained wp-block-group-is-layout-constrained\"><div class=\"yoast-breadcrumbs\"><span><span><a href=\"https:\/\/octopus-studio.eu\/en\/home\/\">Homepage<\/a><\/span> >> <span class=\"breadcrumb_last\" aria-current=\"page\">Tattoo companion<\/span><\/span><\/div>\n\n\n<h1 class=\"wp-block-heading has-text-align-center color-brown text-uppercase h2 my-3 my-md-5\" data-aos=\"fade-up\"><strong>WHO (NOT) TO BRING<br>TO YOUR TATTOO APPOINTMENT<\/strong><\/h1>\n\n\n\n<div class=\"wp-block-columns col-12 col-md-8 mx-auto mb-0 is-layout-flex wp-container-core-columns-is-layout-9d6595d7 wp-block-columns-is-layout-flex\">\n<div class=\"wp-block-column is-layout-flow wp-block-column-is-layout-flow\">\n<figure class=\"wp-block-image size-full mb-3 mb-md-5\"><img decoding=\"async\" src=\"https:\/\/octopus-studio.eu\/wp-content\/uploads\/2025\/01\/Breakline-MIDDLE-1-1.svg\" alt=\"\" class=\"wp-image-267\"\/><\/figure>\n\n\n\n<p class=\"has-text-align-center strong-color-beige\">There are certain safety and hygiene rules in piercing and tattoo studios, and we kindly ask you to follow them so that our work is easier and your stay in the studio more pleasant.<\/p>\n\n\n\n<details class=\"wp-block-details is-layout-flow wp-block-details-is-layout-flow\"><summary>COMPANION<\/summary>\n<p><\/p>\n\n\n\n<p class=\"strong-color-beige\">If you are coming to the tattoo with an escort, count on <strong>entering the tattoo room alone.<\/strong> An exception is made only <strong>when <\/strong><span style=\"text-decoration: underline;\"><a href=\"https:\/\/octopus-studio.eu\/en\/minors-tattooing\/\" target=\"_blank\" rel=\"noreferrer noopener\"><strong><em>tattooing minors<\/em><\/strong><\/a><\/span> when one parent (not the whole family!) <strong>is allowed to enter<\/strong> . Tattooing is not a social activity during which your friends can record the procedure, lean on the bed to see better, and bombard the tattoo artist with a bunch of questions. In order for your tattoo to be professionally done, the tattoo artist needs concentration and free space around the bed. If you would not like to take a team with you to repair the filling at the dentist, please apply the same logic to the tattoo studio. \ud83d\ude42<\/p>\n<\/details>\n\n\n\n<details class=\"wp-block-details is-layout-flow wp-block-details-is-layout-flow\"><summary>CHILDREN UNDER 12 YEARS OLD<\/summary>\n<p><\/p>\n\n\n\n<p class=\"strong-color-beige\"><strong>Children under the age of 12 are not allowed to enter the studio for safety and hygiene reasons<\/strong>.<br> If you have no one to watch your child, please let us know at least 48h before the scheduled appointment so we can move the appointment to another day. Please respect this rule because a piercing &amp; tattoo studio is not a playground, our employees do not have time to watch children during working hours, and screaming is only allowed in the piercing room. \ud83d\ude42<\/p>\n\n\n\n<p class=\"strong-color-beige\">A child cannot be with you while you are getting a tattoo, nor can they sit on your lap during the procedure. In the event that a parent ignores this rule and leaves their child unattended in the salon, they are fully responsible for any possible injuries to their child (falling down the stairs, injury on sharp edges of furniture or glass, etc.) and are obliged to fully cover any material damage that the child may cause to the salon&#8217;s inventory.<\/p>\n<\/details>\n\n\n\n<details class=\"wp-block-details is-layout-flow wp-block-details-is-layout-flow\"><summary>PETS<\/summary>\n<p><\/p>\n\n\n\n<p class=\"strong-color-beige\">Please do not bring pets to your tattoo appointment because they cannot be with you in the tattoo room.<\/p>\n\n\n\n<p class=\"strong-color-beige\">If you cannot leave your pet alone at home, please <strong>bring someone who can look after them<\/strong> while you are getting tattooed. For hygiene reasons, <strong>dogs are not allowed on the upper floors<\/strong> but may wait for you in the studio lobby (the glass area at the entrance). <\/p>\n\n\n\n<p>If the dog continuously barks or howls, we kindly ask the caretaker to take it for a short walk so that the studio can operate without interruptions.<\/p>\n\n\n\n<p class=\"strong-color-beige\">If you cannot find someone to come with you and watch the dog, please let us know in time so we can cancel or reschedule the appointment.<\/p>\n<\/details>\n\n\n\n<details class=\"wp-block-details is-layout-flow wp-block-details-is-layout-flow\"><summary>PERSONAL TRANSPORT DEVICES<\/summary>\n<p><\/p>\n\n\n\n<p class=\"strong-color-beige\">Please leave your <strong>bicycles, scooters, rollerblades, and other means of transport in the lobby<\/strong> (the glass area at the entrance) and do not take them upstairs. The tattoo waiting area is not a parking lot, and we are not able to \u201cput the bike somewhere so it\u2019s not in the way,\u201d regardless of its value. <\/p>\n\n\n\n<p class=\"strong-color-beige\">In the courtyard in front of the entrance, we have a bike rack under video surveillance. If that is not sufficient for you, please let us know in time so we can cancel or reschedule the appointment. <\/p>\n<\/details>\n<\/div>\n<\/div>\n<\/div><\/div>\n\n\n\n<div style=\"height:50px\" aria-hidden=\"true\" class=\"wp-block-spacer\"><\/div>\n\n\n<div class=\"wp-block-image\">\n<figure class=\"aligncenter size-large is-resized\"><img loading=\"lazy\" decoding=\"async\" width=\"1024\" height=\"221\" src=\"https:\/\/octopus-studio.eu\/wp-content\/uploads\/2026\/03\/Octopus-zabrane-ENG-11-1024x221.png\" alt=\"\" class=\"wp-image-33422\" style=\"width:900px\" srcset=\"https:\/\/octopus-studio.eu\/wp-content\/uploads\/2026\/03\/Octopus-zabrane-ENG-11-1024x221.png 1024w, https:\/\/octopus-studio.eu\/wp-content\/uploads\/2026\/03\/Octopus-zabrane-ENG-11-300x65.png 300w, https:\/\/octopus-studio.eu\/wp-content\/uploads\/2026\/03\/Octopus-zabrane-ENG-11-768x166.png 768w, https:\/\/octopus-studio.eu\/wp-content\/uploads\/2026\/03\/Octopus-zabrane-ENG-11-1536x332.png 1536w, https:\/\/octopus-studio.eu\/wp-content\/uploads\/2026\/03\/Octopus-zabrane-ENG-11-2048x442.png 2048w, https:\/\/octopus-studio.eu\/wp-content\/uploads\/2026\/03\/Octopus-zabrane-ENG-11-500x108.png 500w, https:\/\/octopus-studio.eu\/wp-content\/uploads\/2026\/03\/Octopus-zabrane-ENG-11-64x14.png 64w\" sizes=\"auto, (max-width: 1024px) 100vw, 1024px\" \/><\/figure>\n<\/div>","protected":false},"excerpt":{"rendered":"<p>WHO (NOT) TO BRINGTO YOUR TATTOO APPOINTMENT There are certain safety and hygiene rules in piercing and tattoo studios, and we kindly ask you to follow them so that our work is easier and your stay in the studio more pleasant.<\/p>\n","protected":false},"author":1,"featured_media":2731,"parent":0,"menu_order":0,"comment_status":"closed","ping_status":"closed","template":"page-templates\/fullwidthpage.php","meta":{"_acf_changed":false,"footnotes":""},"class_list":["post-24898","page","type-page","status-publish","has-post-thumbnail","hentry"],"acf":[],"yoast_head":"<!-- This site is optimized with the Yoast SEO plugin v27.0 - https:\/\/yoast.com\/product\/yoast-seo-wordpress\/ -->\n<title>Tko mo\u017ee s Vama na tetoviranje &#8211; Octopus Studio<\/title>\n<meta name=\"description\" content=\"Ako ste punoljetni, morat \u0107ete biti hrabri jer u tattoo room ulazite sami. Pro\u010ditajte vi\u0161e o pravilima i iznimkama.\" \/>\n<meta name=\"robots\" content=\"index, follow, max-snippet:-1, max-image-preview:large, max-video-preview:-1\" \/>\n<link rel=\"canonical\" href=\"https:\/\/octopus-studio.eu\/en\/tattoo-companion\/\" \/>\n<meta property=\"og:locale\" content=\"en_US\" \/>\n<meta property=\"og:type\" content=\"article\" \/>\n<meta property=\"og:title\" content=\"Tko mo\u017ee s Vama na tetoviranje - by Octopus\" \/>\n<meta property=\"og:description\" content=\"Ako ste punoljetni, morat \u0107ete biti hrabri jer u tattoo room ulazite sami. Pro\u010ditajte vi\u0161e o pravilima i iznimkama.\" \/>\n<meta property=\"og:url\" content=\"https:\/\/octopus-studio.eu\/en\/tattoo-companion\/\" \/>\n<meta property=\"og:site_name\" content=\"Octopus Studio\" \/>\n<meta property=\"article:publisher\" content=\"https:\/\/www.facebook.com\/OctopusPiercing\/\" \/>\n<meta property=\"article:modified_time\" content=\"2026-03-25T15:04:07+00:00\" \/>\n<meta property=\"og:image\" content=\"https:\/\/octopus-studio.eu\/wp-content\/uploads\/2025\/05\/octopus-logo-web-image-1024x576.jpg\" \/>\n<meta name=\"twitter:card\" content=\"summary_large_image\" \/>\n<meta name=\"twitter:label1\" content=\"Est. reading time\" \/>\n\t<meta name=\"twitter:data1\" content=\"4 minutes\" \/>\n<script type=\"application\/ld+json\" class=\"yoast-schema-graph\">{\"@context\":\"https:\/\/schema.org\",\"@graph\":[{\"@type\":\"WebPage\",\"@id\":\"https:\/\/octopus-studio.eu\/en\/tattoo-companion\/\",\"url\":\"https:\/\/octopus-studio.eu\/en\/tattoo-companion\/\",\"name\":\"Tko mo\u017ee s Vama na tetoviranje &#8211; Octopus Studio\",\"isPartOf\":{\"@id\":\"https:\/\/octopus-studio.eu\/en\/#website\"},\"primaryImageOfPage\":{\"@id\":\"https:\/\/octopus-studio.eu\/en\/tattoo-companion\/#primaryimage\"},\"image\":{\"@id\":\"https:\/\/octopus-studio.eu\/en\/tattoo-companion\/#primaryimage\"},\"thumbnailUrl\":\"https:\/\/octopus-studio.eu\/wp-content\/uploads\/2025\/01\/rsz_1octopus_logo_full-2048x2048-1.jpg\",\"datePublished\":\"2025-03-26T09:09:45+00:00\",\"dateModified\":\"2026-03-25T15:04:07+00:00\",\"description\":\"Ako ste punoljetni, morat \u0107ete biti hrabri jer u tattoo room ulazite sami. Pro\u010ditajte vi\u0161e o pravilima i iznimkama.\",\"breadcrumb\":{\"@id\":\"https:\/\/octopus-studio.eu\/en\/tattoo-companion\/#breadcrumb\"},\"inLanguage\":\"en-US\",\"potentialAction\":[{\"@type\":\"ReadAction\",\"target\":[\"https:\/\/octopus-studio.eu\/en\/tattoo-companion\/\"]}]},{\"@type\":\"ImageObject\",\"inLanguage\":\"en-US\",\"@id\":\"https:\/\/octopus-studio.eu\/en\/tattoo-companion\/#primaryimage\",\"url\":\"https:\/\/octopus-studio.eu\/wp-content\/uploads\/2025\/01\/rsz_1octopus_logo_full-2048x2048-1.jpg\",\"contentUrl\":\"https:\/\/octopus-studio.eu\/wp-content\/uploads\/2025\/01\/rsz_1octopus_logo_full-2048x2048-1.jpg\",\"width\":500,\"height\":500},{\"@type\":\"BreadcrumbList\",\"@id\":\"https:\/\/octopus-studio.eu\/en\/tattoo-companion\/#breadcrumb\",\"itemListElement\":[{\"@type\":\"ListItem\",\"position\":1,\"name\":\"Homepage\",\"item\":\"https:\/\/octopus-studio.eu\/en\/home\/\"},{\"@type\":\"ListItem\",\"position\":2,\"name\":\"Tattoo companion\"}]},{\"@type\":\"WebSite\",\"@id\":\"https:\/\/octopus-studio.eu\/en\/#website\",\"url\":\"https:\/\/octopus-studio.eu\/en\/\",\"name\":\"Octopus piercing, tattoo & laser\",\"description\":\"Your body is a temple, decorate the walls\",\"publisher\":{\"@id\":\"https:\/\/octopus-studio.eu\/en\/#organization\"},\"alternateName\":\"Octopus studio\",\"potentialAction\":[{\"@type\":\"SearchAction\",\"target\":{\"@type\":\"EntryPoint\",\"urlTemplate\":\"https:\/\/octopus-studio.eu\/en\/?s={search_term_string}\"},\"query-input\":{\"@type\":\"PropertyValueSpecification\",\"valueRequired\":true,\"valueName\":\"search_term_string\"}}],\"inLanguage\":\"en-US\"},{\"@type\":\"Organization\",\"@id\":\"https:\/\/octopus-studio.eu\/en\/#organization\",\"name\":\"Octopus piercing, tattoo & laser studio\",\"alternateName\":\"Octopus studio\",\"url\":\"https:\/\/octopus-studio.eu\/en\/\",\"logo\":{\"@type\":\"ImageObject\",\"inLanguage\":\"en-US\",\"@id\":\"https:\/\/octopus-studio.eu\/en\/#\/schema\/logo\/image\/\",\"url\":\"https:\/\/octopus-studio.eu\/wp-content\/uploads\/2025\/05\/octopus-mini-logo.jpg\",\"contentUrl\":\"https:\/\/octopus-studio.eu\/wp-content\/uploads\/2025\/05\/octopus-mini-logo.jpg\",\"width\":800,\"height\":800,\"caption\":\"Octopus piercing, tattoo & laser studio\"},\"image\":{\"@id\":\"https:\/\/octopus-studio.eu\/en\/#\/schema\/logo\/image\/\"},\"sameAs\":[\"https:\/\/www.facebook.com\/OctopusPiercing\/\",\"https:\/\/www.facebook.com\/tattoostudiooctopus\/\",\"https:\/\/www.instagram.com\/octopuspiercing\",\"https:\/\/www.instagram.com\/octopustattoozgb\"]}]}<\/script>\n<!-- \/ Yoast SEO plugin. -->","yoast_head_json":{"title":"Tko mo\u017ee s Vama na tetoviranje &#8211; Octopus Studio","description":"Ako ste punoljetni, morat \u0107ete biti hrabri jer u tattoo room ulazite sami. Pro\u010ditajte vi\u0161e o pravilima i iznimkama.","robots":{"index":"index","follow":"follow","max-snippet":"max-snippet:-1","max-image-preview":"max-image-preview:large","max-video-preview":"max-video-preview:-1"},"canonical":"https:\/\/octopus-studio.eu\/en\/tattoo-companion\/","og_locale":"en_US","og_type":"article","og_title":"Tko mo\u017ee s Vama na tetoviranje - by Octopus","og_description":"Ako ste punoljetni, morat \u0107ete biti hrabri jer u tattoo room ulazite sami. Pro\u010ditajte vi\u0161e o pravilima i iznimkama.","og_url":"https:\/\/octopus-studio.eu\/en\/tattoo-companion\/","og_site_name":"Octopus Studio","article_publisher":"https:\/\/www.facebook.com\/OctopusPiercing\/","article_modified_time":"2026-03-25T15:04:07+00:00","og_image":[{"url":"https:\/\/octopus-studio.eu\/wp-content\/uploads\/2025\/05\/octopus-logo-web-image-1024x576.jpg","type":"","width":"","height":""}],"twitter_card":"summary_large_image","twitter_misc":{"Est. reading time":"4 minutes"},"schema":{"@context":"https:\/\/schema.org","@graph":[{"@type":"WebPage","@id":"https:\/\/octopus-studio.eu\/en\/tattoo-companion\/","url":"https:\/\/octopus-studio.eu\/en\/tattoo-companion\/","name":"Tko mo\u017ee s Vama na tetoviranje &#8211; Octopus Studio","isPartOf":{"@id":"https:\/\/octopus-studio.eu\/en\/#website"},"primaryImageOfPage":{"@id":"https:\/\/octopus-studio.eu\/en\/tattoo-companion\/#primaryimage"},"image":{"@id":"https:\/\/octopus-studio.eu\/en\/tattoo-companion\/#primaryimage"},"thumbnailUrl":"https:\/\/octopus-studio.eu\/wp-content\/uploads\/2025\/01\/rsz_1octopus_logo_full-2048x2048-1.jpg","datePublished":"2025-03-26T09:09:45+00:00","dateModified":"2026-03-25T15:04:07+00:00","description":"Ako ste punoljetni, morat \u0107ete biti hrabri jer u tattoo room ulazite sami. Pro\u010ditajte vi\u0161e o pravilima i iznimkama.","breadcrumb":{"@id":"https:\/\/octopus-studio.eu\/en\/tattoo-companion\/#breadcrumb"},"inLanguage":"en-US","potentialAction":[{"@type":"ReadAction","target":["https:\/\/octopus-studio.eu\/en\/tattoo-companion\/"]}]},{"@type":"ImageObject","inLanguage":"en-US","@id":"https:\/\/octopus-studio.eu\/en\/tattoo-companion\/#primaryimage","url":"https:\/\/octopus-studio.eu\/wp-content\/uploads\/2025\/01\/rsz_1octopus_logo_full-2048x2048-1.jpg","contentUrl":"https:\/\/octopus-studio.eu\/wp-content\/uploads\/2025\/01\/rsz_1octopus_logo_full-2048x2048-1.jpg","width":500,"height":500},{"@type":"BreadcrumbList","@id":"https:\/\/octopus-studio.eu\/en\/tattoo-companion\/#breadcrumb","itemListElement":[{"@type":"ListItem","position":1,"name":"Homepage","item":"https:\/\/octopus-studio.eu\/en\/home\/"},{"@type":"ListItem","position":2,"name":"Tattoo companion"}]},{"@type":"WebSite","@id":"https:\/\/octopus-studio.eu\/en\/#website","url":"https:\/\/octopus-studio.eu\/en\/","name":"Octopus piercing, tattoo & laser","description":"Your body is a temple, decorate the walls","publisher":{"@id":"https:\/\/octopus-studio.eu\/en\/#organization"},"alternateName":"Octopus studio","potentialAction":[{"@type":"SearchAction","target":{"@type":"EntryPoint","urlTemplate":"https:\/\/octopus-studio.eu\/en\/?s={search_term_string}"},"query-input":{"@type":"PropertyValueSpecification","valueRequired":true,"valueName":"search_term_string"}}],"inLanguage":"en-US"},{"@type":"Organization","@id":"https:\/\/octopus-studio.eu\/en\/#organization","name":"Octopus piercing, tattoo & laser studio","alternateName":"Octopus studio","url":"https:\/\/octopus-studio.eu\/en\/","logo":{"@type":"ImageObject","inLanguage":"en-US","@id":"https:\/\/octopus-studio.eu\/en\/#\/schema\/logo\/image\/","url":"https:\/\/octopus-studio.eu\/wp-content\/uploads\/2025\/05\/octopus-mini-logo.jpg","contentUrl":"https:\/\/octopus-studio.eu\/wp-content\/uploads\/2025\/05\/octopus-mini-logo.jpg","width":800,"height":800,"caption":"Octopus piercing, tattoo & laser studio"},"image":{"@id":"https:\/\/octopus-studio.eu\/en\/#\/schema\/logo\/image\/"},"sameAs":["https:\/\/www.facebook.com\/OctopusPiercing\/","https:\/\/www.facebook.com\/tattoostudiooctopus\/","https:\/\/www.instagram.com\/octopuspiercing","https:\/\/www.instagram.com\/octopustattoozgb"]}]}},"_links":{"self":[{"href":"https:\/\/octopus-studio.eu\/en\/wp-json\/wp\/v2\/pages\/24898","targetHints":{"allow":["GET"]}}],"collection":[{"href":"https:\/\/octopus-studio.eu\/en\/wp-json\/wp\/v2\/pages"}],"about":[{"href":"https:\/\/octopus-studio.eu\/en\/wp-json\/wp\/v2\/types\/page"}],"author":[{"embeddable":true,"href":"https:\/\/octopus-studio.eu\/en\/wp-json\/wp\/v2\/users\/1"}],"replies":[{"embeddable":true,"href":"https:\/\/octopus-studio.eu\/en\/wp-json\/wp\/v2\/comments?post=24898"}],"version-history":[{"count":7,"href":"https:\/\/octopus-studio.eu\/en\/wp-json\/wp\/v2\/pages\/24898\/revisions"}],"predecessor-version":[{"id":33483,"href":"https:\/\/octopus-studio.eu\/en\/wp-json\/wp\/v2\/pages\/24898\/revisions\/33483"}],"wp:featuredmedia":[{"embeddable":true,"href":"https:\/\/octopus-studio.eu\/en\/wp-json\/wp\/v2\/media\/2731"}],"wp:attachment":[{"href":"https:\/\/octopus-studio.eu\/en\/wp-json\/wp\/v2\/media?parent=24898"}],"curies":[{"name":"wp","href":"https:\/\/api.w.org\/{rel}","templated":true}]}}