{"id":7746,"date":"2025-04-29T16:20:30","date_gmt":"2025-04-29T14:20:30","guid":{"rendered":"https:\/\/octopus-studio.eu\/proizvod\/labret-with-cone-3\/"},"modified":"2025-07-17T09:38:53","modified_gmt":"2025-07-17T07:38:53","slug":"labret-with-cone-3","status":"publish","type":"product","link":"https:\/\/octopus-studio.eu\/en\/proizvod\/labret-with-cone-3\/","title":{"rendered":"Labret with cone"},"content":{"rendered":"","protected":false},"excerpt":{"rendered":"","protected":false},"featured_media":7747,"template":"","meta":{"_acf_changed":false},"product_brand":[],"product_cat":[444,415,416,453,465,479,493,482,464,481,443,433,457,484],"product_tag":[562,598,599,1016,1184,1191,1352,1615],"class_list":{"0":"post-7746","1":"product","2":"type-product","3":"status-publish","4":"has-post-thumbnail","6":"product_cat-prema-poziciji","7":"product_cat-uho","8":"product_cat-resica","9":"product_cat-helix","10":"product_cat-forward-helix","11":"product_cat-flat","12":"product_cat-conch","13":"product_cat-tragus","14":"product_cat-nosnica","15":"product_cat-usnica","16":"product_cat-labret","17":"product_cat-popusti","18":"product_cat-prema-vrsti-nakita","19":"product_cat-labrets","20":"product_tag-rose-gold","21":"product_tag-cone","22":"product_tag-spike","23":"product_tag-labret","24":"product_tag-siljak","25":"product_tag-externally-threaded","26":"product_tag-celik","27":"product_tag-piercing","28":"pa_boja-metala-rozo-zlato","29":"pa_debljina-1-2mm","30":"pa_duljina-10mm","31":"pa_duljina-6mm","32":"pa_duljina-7mm","33":"pa_duljina-8mm","34":"pa_duljina-9mm","35":"pa_materijal-kirurski-celik-astm-f-138","36":"pa_navoj-1-2mm-externally-threaded","37":"pa_velicina-nastavka-3mm","38":"pa_vrsta-labret","39":"pa_vrsta-kamena-bez-cirkona","41":"first","42":"instock","43":"sale","44":"purchasable","45":"product-type-variable","46":"add-to-wishlist-before_image"},"acf":[],"yoast_head":"<!-- This site is optimized with the Yoast SEO plugin v27.0 - https:\/\/yoast.com\/product\/yoast-seo-wordpress\/ -->\n<title>Labret with cone &#8211; Octopus Studio<\/title>\n<meta name=\"description\" content=\"\u010celi\u010dni rose gold 1.2mm externally threaded labret sa \u0161iljkom.\" \/>\n<meta name=\"robots\" content=\"index, follow, max-snippet:-1, max-image-preview:large, max-video-preview:-1\" \/>\n<link rel=\"canonical\" href=\"https:\/\/octopus-studio.eu\/en\/proizvod\/labret-with-cone-3\/\" \/>\n<meta property=\"og:locale\" content=\"en_US\" \/>\n<meta property=\"og:type\" content=\"article\" \/>\n<meta property=\"og:title\" content=\"Labret with cone\" \/>\n<meta property=\"og:description\" content=\"\u010celi\u010dni rose gold 1.2mm externally threaded labret sa \u0161iljkom.\" \/>\n<meta property=\"og:url\" content=\"https:\/\/octopus-studio.eu\/en\/proizvod\/labret-with-cone-3\/\" \/>\n<meta property=\"og:site_name\" content=\"Octopus Studio\" \/>\n<meta property=\"article:publisher\" content=\"https:\/\/www.facebook.com\/OctopusPiercing\/\" \/>\n<meta property=\"article:modified_time\" content=\"2025-07-17T07:38:53+00:00\" \/>\n<meta property=\"og:image\" content=\"https:\/\/octopus-studio.eu\/wp-content\/uploads\/2025\/04\/RGMLB-PINRGMC-Labret-with-cone.jpg\" \/>\n\t<meta property=\"og:image:width\" content=\"500\" \/>\n\t<meta property=\"og:image:height\" content=\"500\" \/>\n\t<meta property=\"og:image:type\" content=\"image\/jpeg\" \/>\n<meta name=\"twitter:card\" content=\"summary_large_image\" \/>\n<meta name=\"twitter:label1\" content=\"Est. reading time\" \/>\n\t<meta name=\"twitter:data1\" content=\"1 minute\" \/>\n<script type=\"application\/ld+json\" class=\"yoast-schema-graph\">{\"@context\":\"https:\/\/schema.org\",\"@graph\":[{\"@type\":\"WebPage\",\"@id\":\"https:\/\/octopus-studio.eu\/en\/proizvod\/labret-with-cone-3\/\",\"url\":\"https:\/\/octopus-studio.eu\/en\/proizvod\/labret-with-cone-3\/\",\"name\":\"Labret with cone &#8211; Octopus Studio\",\"isPartOf\":{\"@id\":\"https:\/\/octopus-studio.eu\/en\/#website\"},\"primaryImageOfPage\":{\"@id\":\"https:\/\/octopus-studio.eu\/en\/proizvod\/labret-with-cone-3\/#primaryimage\"},\"image\":{\"@id\":\"https:\/\/octopus-studio.eu\/en\/proizvod\/labret-with-cone-3\/#primaryimage\"},\"thumbnailUrl\":\"https:\/\/octopus-studio.eu\/wp-content\/uploads\/2025\/04\/RGMLB-PINRGMC-Labret-with-cone.jpg\",\"datePublished\":\"2025-04-29T14:20:30+00:00\",\"dateModified\":\"2025-07-17T07:38:53+00:00\",\"description\":\"\u010celi\u010dni rose gold 1.2mm externally threaded labret sa \u0161iljkom.\",\"breadcrumb\":{\"@id\":\"https:\/\/octopus-studio.eu\/en\/proizvod\/labret-with-cone-3\/#breadcrumb\"},\"inLanguage\":\"en-US\",\"potentialAction\":[{\"@type\":\"ReadAction\",\"target\":[\"https:\/\/octopus-studio.eu\/en\/proizvod\/labret-with-cone-3\/\"]}]},{\"@type\":\"ImageObject\",\"inLanguage\":\"en-US\",\"@id\":\"https:\/\/octopus-studio.eu\/en\/proizvod\/labret-with-cone-3\/#primaryimage\",\"url\":\"https:\/\/octopus-studio.eu\/wp-content\/uploads\/2025\/04\/RGMLB-PINRGMC-Labret-with-cone.jpg\",\"contentUrl\":\"https:\/\/octopus-studio.eu\/wp-content\/uploads\/2025\/04\/RGMLB-PINRGMC-Labret-with-cone.jpg\",\"width\":500,\"height\":500,\"caption\":\"steel rose gold mini labret externally threaded piercing spike cone\"},{\"@type\":\"BreadcrumbList\",\"@id\":\"https:\/\/octopus-studio.eu\/en\/proizvod\/labret-with-cone-3\/#breadcrumb\",\"itemListElement\":[{\"@type\":\"ListItem\",\"position\":1,\"name\":\"Homepage\",\"item\":\"https:\/\/octopus-studio.eu\/en\/home\/\"},{\"@type\":\"ListItem\",\"position\":2,\"name\":\"Shop\",\"item\":\"https:\/\/octopus-studio.eu\/en\/shop\/\"},{\"@type\":\"ListItem\",\"position\":3,\"name\":\"Labret with cone\"}]},{\"@type\":\"WebSite\",\"@id\":\"https:\/\/octopus-studio.eu\/en\/#website\",\"url\":\"https:\/\/octopus-studio.eu\/en\/\",\"name\":\"Octopus piercing, tattoo & laser\",\"description\":\"Your body is a temple, decorate the walls\",\"publisher\":{\"@id\":\"https:\/\/octopus-studio.eu\/en\/#organization\"},\"alternateName\":\"Octopus studio\",\"potentialAction\":[{\"@type\":\"SearchAction\",\"target\":{\"@type\":\"EntryPoint\",\"urlTemplate\":\"https:\/\/octopus-studio.eu\/en\/?s={search_term_string}\"},\"query-input\":{\"@type\":\"PropertyValueSpecification\",\"valueRequired\":true,\"valueName\":\"search_term_string\"}}],\"inLanguage\":\"en-US\"},{\"@type\":\"Organization\",\"@id\":\"https:\/\/octopus-studio.eu\/en\/#organization\",\"name\":\"Octopus piercing, tattoo & laser studio\",\"alternateName\":\"Octopus studio\",\"url\":\"https:\/\/octopus-studio.eu\/en\/\",\"logo\":{\"@type\":\"ImageObject\",\"inLanguage\":\"en-US\",\"@id\":\"https:\/\/octopus-studio.eu\/en\/#\/schema\/logo\/image\/\",\"url\":\"https:\/\/octopus-studio.eu\/wp-content\/uploads\/2025\/05\/octopus-mini-logo.jpg\",\"contentUrl\":\"https:\/\/octopus-studio.eu\/wp-content\/uploads\/2025\/05\/octopus-mini-logo.jpg\",\"width\":800,\"height\":800,\"caption\":\"Octopus piercing, tattoo & laser studio\"},\"image\":{\"@id\":\"https:\/\/octopus-studio.eu\/en\/#\/schema\/logo\/image\/\"},\"sameAs\":[\"https:\/\/www.facebook.com\/OctopusPiercing\/\",\"https:\/\/www.facebook.com\/tattoostudiooctopus\/\",\"https:\/\/www.instagram.com\/octopuspiercing\",\"https:\/\/www.instagram.com\/octopustattoozgb\"]}]}<\/script>\n<!-- \/ Yoast SEO plugin. -->","yoast_head_json":{"title":"Labret with cone &#8211; Octopus Studio","description":"\u010celi\u010dni rose gold 1.2mm externally threaded labret sa \u0161iljkom.","robots":{"index":"index","follow":"follow","max-snippet":"max-snippet:-1","max-image-preview":"max-image-preview:large","max-video-preview":"max-video-preview:-1"},"canonical":"https:\/\/octopus-studio.eu\/en\/proizvod\/labret-with-cone-3\/","og_locale":"en_US","og_type":"article","og_title":"Labret with cone","og_description":"\u010celi\u010dni rose gold 1.2mm externally threaded labret sa \u0161iljkom.","og_url":"https:\/\/octopus-studio.eu\/en\/proizvod\/labret-with-cone-3\/","og_site_name":"Octopus Studio","article_publisher":"https:\/\/www.facebook.com\/OctopusPiercing\/","article_modified_time":"2025-07-17T07:38:53+00:00","og_image":[{"width":500,"height":500,"url":"https:\/\/octopus-studio.eu\/wp-content\/uploads\/2025\/04\/RGMLB-PINRGMC-Labret-with-cone.jpg","type":"image\/jpeg"}],"twitter_card":"summary_large_image","twitter_misc":{"Est. reading time":"1 minute"},"schema":{"@context":"https:\/\/schema.org","@graph":[{"@type":"WebPage","@id":"https:\/\/octopus-studio.eu\/en\/proizvod\/labret-with-cone-3\/","url":"https:\/\/octopus-studio.eu\/en\/proizvod\/labret-with-cone-3\/","name":"Labret with cone &#8211; Octopus Studio","isPartOf":{"@id":"https:\/\/octopus-studio.eu\/en\/#website"},"primaryImageOfPage":{"@id":"https:\/\/octopus-studio.eu\/en\/proizvod\/labret-with-cone-3\/#primaryimage"},"image":{"@id":"https:\/\/octopus-studio.eu\/en\/proizvod\/labret-with-cone-3\/#primaryimage"},"thumbnailUrl":"https:\/\/octopus-studio.eu\/wp-content\/uploads\/2025\/04\/RGMLB-PINRGMC-Labret-with-cone.jpg","datePublished":"2025-04-29T14:20:30+00:00","dateModified":"2025-07-17T07:38:53+00:00","description":"\u010celi\u010dni rose gold 1.2mm externally threaded labret sa \u0161iljkom.","breadcrumb":{"@id":"https:\/\/octopus-studio.eu\/en\/proizvod\/labret-with-cone-3\/#breadcrumb"},"inLanguage":"en-US","potentialAction":[{"@type":"ReadAction","target":["https:\/\/octopus-studio.eu\/en\/proizvod\/labret-with-cone-3\/"]}]},{"@type":"ImageObject","inLanguage":"en-US","@id":"https:\/\/octopus-studio.eu\/en\/proizvod\/labret-with-cone-3\/#primaryimage","url":"https:\/\/octopus-studio.eu\/wp-content\/uploads\/2025\/04\/RGMLB-PINRGMC-Labret-with-cone.jpg","contentUrl":"https:\/\/octopus-studio.eu\/wp-content\/uploads\/2025\/04\/RGMLB-PINRGMC-Labret-with-cone.jpg","width":500,"height":500,"caption":"steel rose gold mini labret externally threaded piercing spike cone"},{"@type":"BreadcrumbList","@id":"https:\/\/octopus-studio.eu\/en\/proizvod\/labret-with-cone-3\/#breadcrumb","itemListElement":[{"@type":"ListItem","position":1,"name":"Homepage","item":"https:\/\/octopus-studio.eu\/en\/home\/"},{"@type":"ListItem","position":2,"name":"Shop","item":"https:\/\/octopus-studio.eu\/en\/shop\/"},{"@type":"ListItem","position":3,"name":"Labret with cone"}]},{"@type":"WebSite","@id":"https:\/\/octopus-studio.eu\/en\/#website","url":"https:\/\/octopus-studio.eu\/en\/","name":"Octopus piercing, tattoo & laser","description":"Your body is a temple, decorate the walls","publisher":{"@id":"https:\/\/octopus-studio.eu\/en\/#organization"},"alternateName":"Octopus studio","potentialAction":[{"@type":"SearchAction","target":{"@type":"EntryPoint","urlTemplate":"https:\/\/octopus-studio.eu\/en\/?s={search_term_string}"},"query-input":{"@type":"PropertyValueSpecification","valueRequired":true,"valueName":"search_term_string"}}],"inLanguage":"en-US"},{"@type":"Organization","@id":"https:\/\/octopus-studio.eu\/en\/#organization","name":"Octopus piercing, tattoo & laser studio","alternateName":"Octopus studio","url":"https:\/\/octopus-studio.eu\/en\/","logo":{"@type":"ImageObject","inLanguage":"en-US","@id":"https:\/\/octopus-studio.eu\/en\/#\/schema\/logo\/image\/","url":"https:\/\/octopus-studio.eu\/wp-content\/uploads\/2025\/05\/octopus-mini-logo.jpg","contentUrl":"https:\/\/octopus-studio.eu\/wp-content\/uploads\/2025\/05\/octopus-mini-logo.jpg","width":800,"height":800,"caption":"Octopus piercing, tattoo & laser studio"},"image":{"@id":"https:\/\/octopus-studio.eu\/en\/#\/schema\/logo\/image\/"},"sameAs":["https:\/\/www.facebook.com\/OctopusPiercing\/","https:\/\/www.facebook.com\/tattoostudiooctopus\/","https:\/\/www.instagram.com\/octopuspiercing","https:\/\/www.instagram.com\/octopustattoozgb"]}]}},"_links":{"self":[{"href":"https:\/\/octopus-studio.eu\/en\/wp-json\/wp\/v2\/product\/7746","targetHints":{"allow":["GET"]}}],"collection":[{"href":"https:\/\/octopus-studio.eu\/en\/wp-json\/wp\/v2\/product"}],"about":[{"href":"https:\/\/octopus-studio.eu\/en\/wp-json\/wp\/v2\/types\/product"}],"wp:featuredmedia":[{"embeddable":true,"href":"https:\/\/octopus-studio.eu\/en\/wp-json\/wp\/v2\/media\/7747"}],"wp:attachment":[{"href":"https:\/\/octopus-studio.eu\/en\/wp-json\/wp\/v2\/media?parent=7746"}],"wp:term":[{"taxonomy":"product_brand","embeddable":true,"href":"https:\/\/octopus-studio.eu\/en\/wp-json\/wp\/v2\/product_brand?post=7746"},{"taxonomy":"product_cat","embeddable":true,"href":"https:\/\/octopus-studio.eu\/en\/wp-json\/wp\/v2\/product_cat?post=7746"},{"taxonomy":"product_tag","embeddable":true,"href":"https:\/\/octopus-studio.eu\/en\/wp-json\/wp\/v2\/product_tag?post=7746"}],"curies":[{"name":"wp","href":"https:\/\/api.w.org\/{rel}","templated":true}]}}